{"id":7,"date":"2019-06-05T21:11:09","date_gmt":"2019-06-05T21:11:09","guid":{"rendered":"http:\/\/beluco.net\/2019\/?page_id=3"},"modified":"2020-09-09T15:04:14","modified_gmt":"2020-09-09T18:04:14","slug":"politica-de-privacidade","status":"publish","type":"page","link":"https:\/\/beluco.net\/2019bs\/politica-de-privacidade\/","title":{"rendered":"pol\u00edtica de privacidade"},"content":{"rendered":"<p>Esta p\u00e1gina tece apontamentos relacionados com pol\u00edtica de privacidade, descrevendo quais dados pessoais (dos visitantes do site) poder\u00e3o ser recolhidos, como esses dados poder\u00e3o ser recolhidos, com quem esses dados ser\u00e3o compartilhados, por quanto tempo esses dados ser\u00e3o retidos, para onde os dados ser\u00e3o enviados e que direitos os visitantes t\u00eam sobre seus dados.<\/p>\n<h2>quem somos<\/h2>\n<p>O endere\u00e7o deste site \u00e9: https:\/\/beluco.net\/2019bs\/.<\/p>\n<h2>que dados pessoais s\u00e3o recolhidos e como s\u00e3o recolhidos<\/h2>\n<p>Os visitantes ter\u00e3o o IP de seu equipamento registrado, bem como o registro do hor\u00e1rio em que ocorreu sua visita ao site. Se o usu\u00e1rio visitar a p\u00e1gina de login, ser\u00e1 definido um cookie tempor\u00e1rio para determinar se o seu navegador aceita cookies. Este cookie n\u00e3o cont\u00e9m dados pessoais e \u00e9 descartado quando o navegador for encerrado.<\/p>\n<p>Este site n\u00e3o aceita o registro de coment\u00e1rios nem o carregamento de imagens. Qualquer usu\u00e1rio, entretanto, poder\u00e1 tomar a iniciativa de criticar ou contribuir com qualquer artigo publicado aqui. Para isso, deve entrar em contato com o operador pelo email lexf143@gmail.com. Nesse caso, ser\u00e1 registrado um coment\u00e1rio ou ent\u00e3o ser\u00e1 efetuada corre\u00e7\u00e3o direta no artigo em quest\u00e3o. Somente nesse caso, ser\u00e3o registrados dados do usu\u00e1rio, com seu consentimento.<\/p>\n<p>Os artigos neste site podem incluir conte\u00fado incorporado (por exemplo: v\u00eddeos, imagens, artigos, etc.) de outros sites. O conte\u00fado incorporado comporta-se tal como se o utilizador visitasse esses sites. Este site pode recolher dados sobre o visitante, usar cookies, incorporar rastreio feito por terceiros, monitorar as intera\u00e7\u00f5es com o mesmo, incluindo registrar as intera\u00e7\u00f5es com conte\u00fado incorporado se tiver uma conta e estiver com sess\u00e3o iniciada nesse site.<\/p>\n<h2>com quem s\u00e3o partilhados os seus dados<\/h2>\n<p>Os dados de terceiros presentes no site n\u00e3o ser\u00e3o compartilhados.<\/p>\n<h2>por quanto tempo s\u00e3o retidos os seus dados<\/h2>\n<p>Aqueles usu\u00e1rios que entrarem em contato com o operador e manifestarem cr\u00edticas ou sugest\u00f5es que levem a corre\u00e7\u00f5es e que queiram ser identificados, aceitar\u00e3o divulgar seus dados. Se deixar um coment\u00e1rio, o coment\u00e1rio e os seus metadados s\u00e3o guardados indefinidamente. Isto acontece de modo a ser poss\u00edvel reconhecer e aprovar automaticamente quaisquer coment\u00e1rios seguintes, em vez de os colocar numa fila de modera\u00e7\u00e3o.<\/p>\n<p>Os utilizadores que se registrarem em nosso site ter\u00e3o as\u00a0 informa\u00e7\u00f5es pessoais fornecidas em seu perfil de utilizador armazenadas pelo site. Todos os utilizadores podem ver, editar, ou eliminar a suas informa\u00e7\u00f5es pessoais a qualquer momento (com a exce\u00e7\u00e3o de n\u00e3o poderem alterar o nome de utilizador). Os administradores do site podem tamb\u00e9m ver e editar essas informa\u00e7\u00f5es.<\/p>\n<h2>que direitos tem sobre os seus dados<\/h2>\n<p>Se tiver uma conta neste site, ou deixou coment\u00e1rios, pode pedir para receber um ficheiro de exporta\u00e7\u00e3o com os dados pessoais guardados sobre si, incluindo qualquer dado pessoal que indicou. Tamb\u00e9m pode solicitar que os dados guardados sejam eliminados. Isto n\u00e3o inclui qualquer dado pessoal que seja obrigat\u00f3rio manter para fins administrativos, legais ou de seguran\u00e7a.<\/p>\n<h2>para os dados podem ser enviados?<\/h2>\n<p>Os coment\u00e1rios podem ser eventualmente conferidos por servi\u00e7os autom\u00e1ticos de detec\u00e7\u00e3o de spams.<\/p>\n","protected":false},"excerpt":{"rendered":"<p>Esta p\u00e1gina tece apontamentos relacionados com pol\u00edtica de privacidade, descrevendo quais dados pessoais (dos visitantes&hellip;<\/p>\n","protected":false},"author":1,"featured_media":0,"parent":0,"menu_order":0,"comment_status":"closed","ping_status":"open","template":"","meta":{"footnotes":""},"class_list":["post-7","page","type-page","status-publish","hentry"],"_links":{"self":[{"href":"https:\/\/beluco.net\/2019bs\/wp-json\/wp\/v2\/pages\/7","targetHints":{"allow":["GET"]}}],"collection":[{"href":"https:\/\/beluco.net\/2019bs\/wp-json\/wp\/v2\/pages"}],"about":[{"href":"https:\/\/beluco.net\/2019bs\/wp-json\/wp\/v2\/types\/page"}],"author":[{"embeddable":true,"href":"https:\/\/beluco.net\/2019bs\/wp-json\/wp\/v2\/users\/1"}],"replies":[{"embeddable":true,"href":"https:\/\/beluco.net\/2019bs\/wp-json\/wp\/v2\/comments?post=7"}],"version-history":[{"count":3,"href":"https:\/\/beluco.net\/2019bs\/wp-json\/wp\/v2\/pages\/7\/revisions"}],"predecessor-version":[{"id":605,"href":"https:\/\/beluco.net\/2019bs\/wp-json\/wp\/v2\/pages\/7\/revisions\/605"}],"wp:attachment":[{"href":"https:\/\/beluco.net\/2019bs\/wp-json\/wp\/v2\/media?parent=7"}],"curies":[{"name":"wp","href":"https:\/\/api.w.org\/{rel}","templated":true}]}}